{"id":4636,"date":"2022-07-04T14:38:49","date_gmt":"2022-07-04T14:38:49","guid":{"rendered":"https:\/\/simoffice.pt\/index.php\/product\/lapiseira-05mm-rotring-tikky-ii-preto\/"},"modified":"2022-07-04T14:38:55","modified_gmt":"2022-07-04T14:38:55","slug":"lapiseira-05mm-rotring-tikky-ii-preto","status":"publish","type":"product","link":"https:\/\/simoffice.pt\/index.php\/product\/lapiseira-05mm-rotring-tikky-ii-preto\/","title":{"rendered":"Lapiseira 0,5mm Rotring Tikky II Preto"},"content":{"rendered":"<p>Lapiseira de elevada qualidade com uma nova gama de desempenho nas 3 larguras de linha conhecidas. Extremamente confort\u00e1vel gra\u00e7as ao novo man\u00edpulo de dois materiais e \u00e0 forma do corpo da lapiseira.<\/p>\n","protected":false},"excerpt":{"rendered":"<p>Lapiseira de elevada qualidade com uma nova gama de desempenho nas 3 larguras de linha conhecidas. Extremamente confort\u00e1vel gra\u00e7as ao novo man\u00edpulo de dois materiais e \u00e0 forma do corpo da lapiseira.<\/p>\n","protected":false},"featured_media":4637,"template":"","meta":[],"product_cat":[74],"product_tag":[],"_links":{"self":[{"href":"https:\/\/simoffice.pt\/index.php\/wp-json\/wp\/v2\/product\/4636"}],"collection":[{"href":"https:\/\/simoffice.pt\/index.php\/wp-json\/wp\/v2\/product"}],"about":[{"href":"https:\/\/simoffice.pt\/index.php\/wp-json\/wp\/v2\/types\/product"}],"wp:featuredmedia":[{"embeddable":true,"href":"https:\/\/simoffice.pt\/index.php\/wp-json\/wp\/v2\/media\/4637"}],"wp:attachment":[{"href":"https:\/\/simoffice.pt\/index.php\/wp-json\/wp\/v2\/media?parent=4636"}],"wp:term":[{"taxonomy":"product_cat","embeddable":true,"href":"https:\/\/simoffice.pt\/index.php\/wp-json\/wp\/v2\/product_cat?post=4636"},{"taxonomy":"product_tag","embeddable":true,"href":"https:\/\/simoffice.pt\/index.php\/wp-json\/wp\/v2\/product_tag?post=4636"}],"curies":[{"name":"wp","href":"https:\/\/api.w.org\/{rel}","templated":true}]}}