{"id":4630,"date":"2022-07-04T14:38:30","date_gmt":"2022-07-04T14:38:30","guid":{"rendered":"https:\/\/simoffice.pt\/index.php\/product\/marcador-uniball-ub150-05mm-azul-cx-12un-roller\/"},"modified":"2022-07-04T14:38:36","modified_gmt":"2022-07-04T14:38:36","slug":"marcador-uniball-ub150-05mm-azul-cx-12un-roller","status":"publish","type":"product","link":"https:\/\/simoffice.pt\/index.php\/product\/marcador-uniball-ub150-05mm-azul-cx-12un-roller\/","title":{"rendered":"Marcador Uniball UB150 0,5mm Azul Cx 12un &#8211; Roller"},"content":{"rendered":"<p>Escrita fina. Esfera de tungst\u00e9nio.<br \/>\nPonta em a\u00e7o inoxid\u00e1vel.<br \/>\nCorpo em pl\u00e1stico.<\/p>\n","protected":false},"excerpt":{"rendered":"<p>Escrita fina. Esfera de tungst\u00e9nio. Ponta em a\u00e7o inoxid\u00e1vel. Corpo em pl\u00e1stico.<\/p>\n","protected":false},"featured_media":4631,"template":"","meta":[],"product_cat":[74],"product_tag":[],"_links":{"self":[{"href":"https:\/\/simoffice.pt\/index.php\/wp-json\/wp\/v2\/product\/4630"}],"collection":[{"href":"https:\/\/simoffice.pt\/index.php\/wp-json\/wp\/v2\/product"}],"about":[{"href":"https:\/\/simoffice.pt\/index.php\/wp-json\/wp\/v2\/types\/product"}],"wp:featuredmedia":[{"embeddable":true,"href":"https:\/\/simoffice.pt\/index.php\/wp-json\/wp\/v2\/media\/4631"}],"wp:attachment":[{"href":"https:\/\/simoffice.pt\/index.php\/wp-json\/wp\/v2\/media?parent=4630"}],"wp:term":[{"taxonomy":"product_cat","embeddable":true,"href":"https:\/\/simoffice.pt\/index.php\/wp-json\/wp\/v2\/product_cat?post=4630"},{"taxonomy":"product_tag","embeddable":true,"href":"https:\/\/simoffice.pt\/index.php\/wp-json\/wp\/v2\/product_tag?post=4630"}],"curies":[{"name":"wp","href":"https:\/\/api.w.org\/{rel}","templated":true}]}}