{"id":4618,"date":"2022-07-04T14:37:56","date_gmt":"2022-07-04T14:37:56","guid":{"rendered":"https:\/\/simoffice.pt\/index.php\/product\/fita-adesiva-dupla-face-12mmx10mts\/"},"modified":"2022-07-04T14:38:02","modified_gmt":"2022-07-04T14:38:02","slug":"fita-adesiva-dupla-face-12mmx10mts","status":"publish","type":"product","link":"https:\/\/simoffice.pt\/index.php\/product\/fita-adesiva-dupla-face-12mmx10mts\/","title":{"rendered":"Fita Adesiva Dupla Face 12mmx10mts"},"content":{"rendered":"<p>Desenrolamento f\u00e1cil. Para v\u00e1rias aplica\u00e7\u00f5es, como colagem de fotografias, postais, posters etc. Resistentes ao envelhecimento.<\/p>\n","protected":false},"excerpt":{"rendered":"<p>Desenrolamento f\u00e1cil. Para v\u00e1rias aplica\u00e7\u00f5es, como colagem de fotografias, postais, posters etc. Resistentes ao envelhecimento.<\/p>\n","protected":false},"featured_media":4619,"template":"","meta":[],"product_cat":[74],"product_tag":[],"_links":{"self":[{"href":"https:\/\/simoffice.pt\/index.php\/wp-json\/wp\/v2\/product\/4618"}],"collection":[{"href":"https:\/\/simoffice.pt\/index.php\/wp-json\/wp\/v2\/product"}],"about":[{"href":"https:\/\/simoffice.pt\/index.php\/wp-json\/wp\/v2\/types\/product"}],"wp:featuredmedia":[{"embeddable":true,"href":"https:\/\/simoffice.pt\/index.php\/wp-json\/wp\/v2\/media\/4619"}],"wp:attachment":[{"href":"https:\/\/simoffice.pt\/index.php\/wp-json\/wp\/v2\/media?parent=4618"}],"wp:term":[{"taxonomy":"product_cat","embeddable":true,"href":"https:\/\/simoffice.pt\/index.php\/wp-json\/wp\/v2\/product_cat?post=4618"},{"taxonomy":"product_tag","embeddable":true,"href":"https:\/\/simoffice.pt\/index.php\/wp-json\/wp\/v2\/product_tag?post=4618"}],"curies":[{"name":"wp","href":"https:\/\/api.w.org\/{rel}","templated":true}]}}