{"id":4608,"date":"2022-07-04T14:37:27","date_gmt":"2022-07-04T14:37:27","guid":{"rendered":"https:\/\/simoffice.pt\/index.php\/product\/staples-afia-para-lapis-de-um-unico-furo-cinzento-metalico-cx-c-10uni\/"},"modified":"2022-07-04T14:37:36","modified_gmt":"2022-07-04T14:37:36","slug":"staples-afia-para-lapis-de-um-unico-furo-cinzento-metalico-cx-c-10uni","status":"publish","type":"product","link":"https:\/\/simoffice.pt\/index.php\/product\/staples-afia-para-lapis-de-um-unico-furo-cinzento-metalico-cx-c-10uni\/","title":{"rendered":"Staples Afia para l\u00e1pis de um \u00fanico furo, cinzento met\u00e1lico Cx c\/10uni"},"content":{"rendered":"<p>Este afia para l\u00e1pis manual da Staples\u00ae \u00e9 perfeito para manter os seus l\u00e1pis de tamanho padr\u00e3o afiados.<br \/>\nEste afia em metal possui um design em cunha que ajuda a afiar l\u00e1pis de uma forma r\u00e1pida e sem esfor\u00e7o. A estrutura met\u00e1lica garante que n\u00e3o se parte. Criado para a maioria dos l\u00e1pis de tamanho padr\u00e3o, este afia Staples\u00ae com um \u00fanico furo inclui uma pega nervurada no lado e uma l\u00e2mina met\u00e1lica de longa dura\u00e7\u00e3o para afiar de forma eficiente. O design compacto tamb\u00e9m o torna f\u00e1cil de transportar com os materiais escolares ou no estojo.<br \/>\nAfiador de um \u00fanico furo em cunha met\u00e1lico<br \/>\nAdequado para a maioria dos l\u00e1pis de tamanho padr\u00e3o<br \/>\nAfia para l\u00e1pis de at\u00e9 8 mm de di\u00e2metro<br \/>\nPega com nervuras<br \/>\nCom um tamanho pr\u00e1tico para usar em casa, na escola ou no escrit\u00f3rio<br \/>\nCor: Cinzento metalizado<\/p>\n","protected":false},"excerpt":{"rendered":"<p>Este afia para l\u00e1pis manual da Staples\u00ae \u00e9 perfeito para manter os seus l\u00e1pis de tamanho padr\u00e3o afiados. Este afia em metal possui um design em cunha que ajuda a afiar l\u00e1pis de uma forma r\u00e1pida e sem esfor\u00e7o. A estrutura met\u00e1lica garante que n\u00e3o se parte. Criado para a maioria dos l\u00e1pis de tamanho [&hellip;]<\/p>\n","protected":false},"featured_media":4610,"template":"","meta":[],"product_cat":[74],"product_tag":[],"_links":{"self":[{"href":"https:\/\/simoffice.pt\/index.php\/wp-json\/wp\/v2\/product\/4608"}],"collection":[{"href":"https:\/\/simoffice.pt\/index.php\/wp-json\/wp\/v2\/product"}],"about":[{"href":"https:\/\/simoffice.pt\/index.php\/wp-json\/wp\/v2\/types\/product"}],"wp:featuredmedia":[{"embeddable":true,"href":"https:\/\/simoffice.pt\/index.php\/wp-json\/wp\/v2\/media\/4610"}],"wp:attachment":[{"href":"https:\/\/simoffice.pt\/index.php\/wp-json\/wp\/v2\/media?parent=4608"}],"wp:term":[{"taxonomy":"product_cat","embeddable":true,"href":"https:\/\/simoffice.pt\/index.php\/wp-json\/wp\/v2\/product_cat?post=4608"},{"taxonomy":"product_tag","embeddable":true,"href":"https:\/\/simoffice.pt\/index.php\/wp-json\/wp\/v2\/product_tag?post=4608"}],"curies":[{"name":"wp","href":"https:\/\/api.w.org\/{rel}","templated":true}]}}