{"id":4606,"date":"2022-07-04T14:37:15","date_gmt":"2022-07-04T14:37:15","guid":{"rendered":"https:\/\/simoffice.pt\/index.php\/product\/staples-dispensador-de-fita-de-secretaria-base-de-peso-adequado-e-antiderrapante-nucleo-de-25-mm-azul\/"},"modified":"2022-07-04T14:37:24","modified_gmt":"2022-07-04T14:37:24","slug":"staples-dispensador-de-fita-de-secretaria-base-de-peso-adequado-e-antiderrapante-nucleo-de-25-mm-azul","status":"publish","type":"product","link":"https:\/\/simoffice.pt\/index.php\/product\/staples-dispensador-de-fita-de-secretaria-base-de-peso-adequado-e-antiderrapante-nucleo-de-25-mm-azul\/","title":{"rendered":"Staples Dispensador de fita de secret\u00e1ria, base de peso adequado e antiderrapante, n\u00facleo de 25 mm, azul"},"content":{"rendered":"<p>O dispensador de fita de secret\u00e1ria da Staples\u00ae permite-lhe separar a fita utilizando o cortador integrado em vez de uma tesoura, fazendo com que seja um artigo conveniente de material de escrit\u00f3rio para ter \u00e0 m\u00e3o.<br \/>\nDevido ao seu design robusto e base antiderrapante e de peso adequado, o dispensador de fita de secret\u00e1ria da Staples\u00ae fica fixo enquanto separa a fita. Inclui um n\u00facleo central que gira enquanto a fita \u00e9 separada, a qual \u00e9 facilmente substitu\u00edvel quando terminar. O n\u00facleo \u00e9 compat\u00edvel com fita de 19 mm.<br \/>\nFita adequada para todos os tipos de papel<br \/>\nPode ser utilizada em casa ou no escrit\u00f3rio<br \/>\nA fita pode ser substitu\u00edda quando utilizada<br \/>\nApresenta uma base de peso adequado e antiderrapante e um cortador<br \/>\nCor: Azul<\/p>\n","protected":false},"excerpt":{"rendered":"<p>O dispensador de fita de secret\u00e1ria da Staples\u00ae permite-lhe separar a fita utilizando o cortador integrado em vez de uma tesoura, fazendo com que seja um artigo conveniente de material de escrit\u00f3rio para ter \u00e0 m\u00e3o. Devido ao seu design robusto e base antiderrapante e de peso adequado, o dispensador de fita de secret\u00e1ria da [&hellip;]<\/p>\n","protected":false},"featured_media":4607,"template":"","meta":[],"product_cat":[74],"product_tag":[],"_links":{"self":[{"href":"https:\/\/simoffice.pt\/index.php\/wp-json\/wp\/v2\/product\/4606"}],"collection":[{"href":"https:\/\/simoffice.pt\/index.php\/wp-json\/wp\/v2\/product"}],"about":[{"href":"https:\/\/simoffice.pt\/index.php\/wp-json\/wp\/v2\/types\/product"}],"wp:featuredmedia":[{"embeddable":true,"href":"https:\/\/simoffice.pt\/index.php\/wp-json\/wp\/v2\/media\/4607"}],"wp:attachment":[{"href":"https:\/\/simoffice.pt\/index.php\/wp-json\/wp\/v2\/media?parent=4606"}],"wp:term":[{"taxonomy":"product_cat","embeddable":true,"href":"https:\/\/simoffice.pt\/index.php\/wp-json\/wp\/v2\/product_cat?post=4606"},{"taxonomy":"product_tag","embeddable":true,"href":"https:\/\/simoffice.pt\/index.php\/wp-json\/wp\/v2\/product_tag?post=4606"}],"curies":[{"name":"wp","href":"https:\/\/api.w.org\/{rel}","templated":true}]}}