{"id":4601,"date":"2022-07-04T14:37:00","date_gmt":"2022-07-04T14:37:00","guid":{"rendered":"https:\/\/simoffice.pt\/index.php\/product\/staedtler-afiador-rotativo-azul\/"},"modified":"2022-07-04T14:37:08","modified_gmt":"2022-07-04T14:37:08","slug":"staedtler-afiador-rotativo-azul","status":"publish","type":"product","link":"https:\/\/simoffice.pt\/index.php\/product\/staedtler-afiador-rotativo-azul\/","title":{"rendered":"Staedtler Afiador rotativo azul"},"content":{"rendered":"<p>O afiador rotativo STAEDTLER \u00e9 f\u00e1cil de usar e \u00e9 compat\u00edvel com quase qualquer l\u00e1pis.<br \/>\nEste afiador rotativo \u00e9 simples de usar: basta deslizar o seu l\u00e1pis e usar o mecanismo de rota\u00e7\u00e3o suave para afiar o l\u00e1pis de forma r\u00e1pida e f\u00e1cil. O afiador \u00e9 compat\u00edvel com l\u00e1pis pretos triangulares, hexagonais e cil\u00edndricos, assim como l\u00e1pis de cor. O afiador STAEDTLER 511 tem um cone ajust\u00e1vel, que permite produzir pontas de l\u00e1pis com pontos fortes e finos ou pontos largos e suaves. A l\u00e2mina de metal rotativa elimina a resist\u00eancia do processo de afia\u00e7\u00e3o, tornando o uso deste afiador sem esfor\u00e7o.<br \/>\nSimples e f\u00e1cil de utilizar<br \/>\nCompat\u00edvel com diversos tipos de l\u00e1pis<br \/>\nAfia l\u00e1pis com um di\u00e2metro de at\u00e9 12 mm<br \/>\nO cone de afia\u00e7\u00e3o ajust\u00e1vel permite a utiliza\u00e7\u00e3o de v\u00e1rios \u00e2ngulos de afia\u00e7\u00e3o, para pontas finas ou largas<br \/>\nA l\u00e2mina rotativa de metal retira o esfor\u00e7o da afia\u00e7\u00e3o<br \/>\nCor: Azul<\/p>\n","protected":false},"excerpt":{"rendered":"<p>O afiador rotativo STAEDTLER \u00e9 f\u00e1cil de usar e \u00e9 compat\u00edvel com quase qualquer l\u00e1pis. Este afiador rotativo \u00e9 simples de usar: basta deslizar o seu l\u00e1pis e usar o mecanismo de rota\u00e7\u00e3o suave para afiar o l\u00e1pis de forma r\u00e1pida e f\u00e1cil. O afiador \u00e9 compat\u00edvel com l\u00e1pis pretos triangulares, hexagonais e cil\u00edndricos, assim [&hellip;]<\/p>\n","protected":false},"featured_media":4603,"template":"","meta":[],"product_cat":[74],"product_tag":[],"_links":{"self":[{"href":"https:\/\/simoffice.pt\/index.php\/wp-json\/wp\/v2\/product\/4601"}],"collection":[{"href":"https:\/\/simoffice.pt\/index.php\/wp-json\/wp\/v2\/product"}],"about":[{"href":"https:\/\/simoffice.pt\/index.php\/wp-json\/wp\/v2\/types\/product"}],"wp:featuredmedia":[{"embeddable":true,"href":"https:\/\/simoffice.pt\/index.php\/wp-json\/wp\/v2\/media\/4603"}],"wp:attachment":[{"href":"https:\/\/simoffice.pt\/index.php\/wp-json\/wp\/v2\/media?parent=4601"}],"wp:term":[{"taxonomy":"product_cat","embeddable":true,"href":"https:\/\/simoffice.pt\/index.php\/wp-json\/wp\/v2\/product_cat?post=4601"},{"taxonomy":"product_tag","embeddable":true,"href":"https:\/\/simoffice.pt\/index.php\/wp-json\/wp\/v2\/product_tag?post=4601"}],"curies":[{"name":"wp","href":"https:\/\/api.w.org\/{rel}","templated":true}]}}