{"id":4600,"date":"2022-07-04T14:36:56","date_gmt":"2022-07-04T14:36:56","guid":{"rendered":"https:\/\/simoffice.pt\/index.php\/product\/paper-mate-esferografica-flexgrip-ultra-retratil-preta-10-mm\/"},"modified":"2022-07-04T14:37:06","modified_gmt":"2022-07-04T14:37:06","slug":"paper-mate-esferografica-flexgrip-ultra-retratil-preta-10-mm","status":"publish","type":"product","link":"https:\/\/simoffice.pt\/index.php\/product\/paper-mate-esferografica-flexgrip-ultra-retratil-preta-10-mm\/","title":{"rendered":"Paper Mate Esferogr\u00e1fica FlexGrip\u00ae Ultra retr\u00e1til, preta, 1,0 mm"},"content":{"rendered":"<p>A esferogr\u00e1fica Paper Mate\u00ae FlexGrip\u00ae Ultra retr\u00e1til, que inclui um corpo de borracha com uma pega estriada ergon\u00f3mica especial, foi fabricada para ser confort\u00e1vel.<br \/>\nEsta esferogr\u00e1fica Paper Mate\u00ae retr\u00e1til foi concebida com o sistema de tinta Floating Ball\u00ae para garantir uma escrita suave. O corpo de borracha ergon\u00f3mico inclui uma pega estriada que proporciona uma experi\u00eancia de escrita confort\u00e1vel. Inclui uma tinta que \u00e9 indel\u00e9vel, resistente \u00e0 luz e \u00e0 \u00e1gua. \u00c9 fabricada com 55% de materiais reciclados, sendo uma escolha ambientalmente consciente.<br \/>\nEsferogr\u00e1fica retr\u00e1til<br \/>\nCorpo de borracha com pega estriada para uma utiliza\u00e7\u00e3o confort\u00e1vel<br \/>\nSistema de tinta Floating Ball\u00ae para uma escrita suave<br \/>\nA tinta \u00e9 indel\u00e9vel, resistente \u00e0 luz e \u00e0 \u00e1gua<br \/>\nFabrico com 55% de materiais reciclados<br \/>\nDesign moderno do clipe<br \/>\nPonta grande de 1 mm<br \/>\nCor: Preto<\/p>\n","protected":false},"excerpt":{"rendered":"<p>A esferogr\u00e1fica Paper Mate\u00ae FlexGrip\u00ae Ultra retr\u00e1til, que inclui um corpo de borracha com uma pega estriada ergon\u00f3mica especial, foi fabricada para ser confort\u00e1vel. Esta esferogr\u00e1fica Paper Mate\u00ae retr\u00e1til foi concebida com o sistema de tinta Floating Ball\u00ae para garantir uma escrita suave. O corpo de borracha ergon\u00f3mico inclui uma pega estriada que proporciona uma [&hellip;]<\/p>\n","protected":false},"featured_media":4602,"template":"","meta":[],"product_cat":[74],"product_tag":[],"_links":{"self":[{"href":"https:\/\/simoffice.pt\/index.php\/wp-json\/wp\/v2\/product\/4600"}],"collection":[{"href":"https:\/\/simoffice.pt\/index.php\/wp-json\/wp\/v2\/product"}],"about":[{"href":"https:\/\/simoffice.pt\/index.php\/wp-json\/wp\/v2\/types\/product"}],"wp:featuredmedia":[{"embeddable":true,"href":"https:\/\/simoffice.pt\/index.php\/wp-json\/wp\/v2\/media\/4602"}],"wp:attachment":[{"href":"https:\/\/simoffice.pt\/index.php\/wp-json\/wp\/v2\/media?parent=4600"}],"wp:term":[{"taxonomy":"product_cat","embeddable":true,"href":"https:\/\/simoffice.pt\/index.php\/wp-json\/wp\/v2\/product_cat?post=4600"},{"taxonomy":"product_tag","embeddable":true,"href":"https:\/\/simoffice.pt\/index.php\/wp-json\/wp\/v2\/product_tag?post=4600"}],"curies":[{"name":"wp","href":"https:\/\/api.w.org\/{rel}","templated":true}]}}