{"id":4596,"date":"2022-07-04T14:36:44","date_gmt":"2022-07-04T14:36:44","guid":{"rendered":"https:\/\/simoffice.pt\/index.php\/product\/quadro-branco-porcelana-120x150cm-com-rodas-e-cavalete\/"},"modified":"2022-07-04T14:36:50","modified_gmt":"2022-07-04T14:36:50","slug":"quadro-branco-porcelana-120x150cm-com-rodas-e-cavalete","status":"publish","type":"product","link":"https:\/\/simoffice.pt\/index.php\/product\/quadro-branco-porcelana-120x150cm-com-rodas-e-cavalete\/","title":{"rendered":"Quadro Branco Porcelana 120x150cm com rodas e cavalete"},"content":{"rendered":"<p>Magn\u00e9tico: Sim<br \/>\nSuperficie: Cer\u00e2mica<br \/>\nCaixilho: Aluminio 16x16mm<br \/>\nContraface: Chapa A\u00e7o Galvanizada 0,4mm<br \/>\nCantos e Terminais da Calha: PVC Cinza Escuro<br \/>\nCalha Porta Marcador Alum\u00ednio: Inclu\u00eddo<br \/>\nGarantia: 5 anos<br \/>\nCavalete:<br \/>\nRotativo: Sim<br \/>\nTrav\u00e3o nas 4 rodas<\/p>\n","protected":false},"excerpt":{"rendered":"<p>Magn\u00e9tico: Sim Superficie: Cer\u00e2mica Caixilho: Aluminio 16x16mm Contraface: Chapa A\u00e7o Galvanizada 0,4mm Cantos e Terminais da Calha: PVC Cinza Escuro Calha Porta Marcador Alum\u00ednio: Inclu\u00eddo Garantia: 5 anos Cavalete: Rotativo: Sim Trav\u00e3o nas 4 rodas<\/p>\n","protected":false},"featured_media":4597,"template":"","meta":[],"product_cat":[76],"product_tag":[],"_links":{"self":[{"href":"https:\/\/simoffice.pt\/index.php\/wp-json\/wp\/v2\/product\/4596"}],"collection":[{"href":"https:\/\/simoffice.pt\/index.php\/wp-json\/wp\/v2\/product"}],"about":[{"href":"https:\/\/simoffice.pt\/index.php\/wp-json\/wp\/v2\/types\/product"}],"wp:featuredmedia":[{"embeddable":true,"href":"https:\/\/simoffice.pt\/index.php\/wp-json\/wp\/v2\/media\/4597"}],"wp:attachment":[{"href":"https:\/\/simoffice.pt\/index.php\/wp-json\/wp\/v2\/media?parent=4596"}],"wp:term":[{"taxonomy":"product_cat","embeddable":true,"href":"https:\/\/simoffice.pt\/index.php\/wp-json\/wp\/v2\/product_cat?post=4596"},{"taxonomy":"product_tag","embeddable":true,"href":"https:\/\/simoffice.pt\/index.php\/wp-json\/wp\/v2\/product_tag?post=4596"}],"curies":[{"name":"wp","href":"https:\/\/api.w.org\/{rel}","templated":true}]}}