{"id":4576,"date":"2022-07-04T14:35:40","date_gmt":"2022-07-04T14:35:40","guid":{"rendered":"https:\/\/simoffice.pt\/index.php\/product\/cisalha-staples-a5-base-azul\/"},"modified":"2022-07-04T14:35:47","modified_gmt":"2022-07-04T14:35:47","slug":"cisalha-staples-a5-base-azul","status":"publish","type":"product","link":"https:\/\/simoffice.pt\/index.php\/product\/cisalha-staples-a5-base-azul\/","title":{"rendered":"Cisalha Staples A5 Base azul"},"content":{"rendered":"<p>Cont\u00e9m Guia de Corte, para uma melhor efic\u00e1cia no corte. A sua plataforma met\u00e1lica confere uma maior robustez. Tabela de medidas na plataforma para uma r\u00e1pida identifica\u00e7\u00e3o dos tamanhos de papeis.<br \/>\nMarca: Staples<br \/>\nTipo: Cisalha<\/p>\n","protected":false},"excerpt":{"rendered":"<p>Cont\u00e9m Guia de Corte, para uma melhor efic\u00e1cia no corte. A sua plataforma met\u00e1lica confere uma maior robustez. Tabela de medidas na plataforma para uma r\u00e1pida identifica\u00e7\u00e3o dos tamanhos de papeis. Marca: Staples Tipo: Cisalha<\/p>\n","protected":false},"featured_media":4577,"template":"","meta":[],"product_cat":[74],"product_tag":[],"_links":{"self":[{"href":"https:\/\/simoffice.pt\/index.php\/wp-json\/wp\/v2\/product\/4576"}],"collection":[{"href":"https:\/\/simoffice.pt\/index.php\/wp-json\/wp\/v2\/product"}],"about":[{"href":"https:\/\/simoffice.pt\/index.php\/wp-json\/wp\/v2\/types\/product"}],"wp:featuredmedia":[{"embeddable":true,"href":"https:\/\/simoffice.pt\/index.php\/wp-json\/wp\/v2\/media\/4577"}],"wp:attachment":[{"href":"https:\/\/simoffice.pt\/index.php\/wp-json\/wp\/v2\/media?parent=4576"}],"wp:term":[{"taxonomy":"product_cat","embeddable":true,"href":"https:\/\/simoffice.pt\/index.php\/wp-json\/wp\/v2\/product_cat?post=4576"},{"taxonomy":"product_tag","embeddable":true,"href":"https:\/\/simoffice.pt\/index.php\/wp-json\/wp\/v2\/product_tag?post=4576"}],"curies":[{"name":"wp","href":"https:\/\/api.w.org\/{rel}","templated":true}]}}