{"id":4550,"date":"2022-07-04T14:34:26","date_gmt":"2022-07-04T14:34:26","guid":{"rendered":"https:\/\/simoffice.pt\/index.php\/product\/esferografica-uni-um120-signo-07mm-vermelho\/"},"modified":"2022-07-04T14:34:32","modified_gmt":"2022-07-04T14:34:32","slug":"esferografica-uni-um120-signo-07mm-vermelho","status":"publish","type":"product","link":"https:\/\/simoffice.pt\/index.php\/product\/esferografica-uni-um120-signo-07mm-vermelho\/","title":{"rendered":"Esferografica UNI UM120 SIGNO 0,7mm Vermelho"},"content":{"rendered":"<p>Escrita m\u00e9dia. Tinta gel para uma escrita suave. Ponta em a\u00e7o inoxid\u00e1vel.<br \/>\nCorpo em pl\u00e1stico transparente que permite ver o n\u00edvel de tinta.<\/p>\n","protected":false},"excerpt":{"rendered":"<p>Escrita m\u00e9dia. Tinta gel para uma escrita suave. Ponta em a\u00e7o inoxid\u00e1vel. Corpo em pl\u00e1stico transparente que permite ver o n\u00edvel de tinta.<\/p>\n","protected":false},"featured_media":4551,"template":"","meta":[],"product_cat":[74],"product_tag":[],"_links":{"self":[{"href":"https:\/\/simoffice.pt\/index.php\/wp-json\/wp\/v2\/product\/4550"}],"collection":[{"href":"https:\/\/simoffice.pt\/index.php\/wp-json\/wp\/v2\/product"}],"about":[{"href":"https:\/\/simoffice.pt\/index.php\/wp-json\/wp\/v2\/types\/product"}],"wp:featuredmedia":[{"embeddable":true,"href":"https:\/\/simoffice.pt\/index.php\/wp-json\/wp\/v2\/media\/4551"}],"wp:attachment":[{"href":"https:\/\/simoffice.pt\/index.php\/wp-json\/wp\/v2\/media?parent=4550"}],"wp:term":[{"taxonomy":"product_cat","embeddable":true,"href":"https:\/\/simoffice.pt\/index.php\/wp-json\/wp\/v2\/product_cat?post=4550"},{"taxonomy":"product_tag","embeddable":true,"href":"https:\/\/simoffice.pt\/index.php\/wp-json\/wp\/v2\/product_tag?post=4550"}],"curies":[{"name":"wp","href":"https:\/\/api.w.org\/{rel}","templated":true}]}}