{"id":4548,"date":"2022-07-04T14:34:19","date_gmt":"2022-07-04T14:34:19","guid":{"rendered":"https:\/\/simoffice.pt\/index.php\/product\/esferografica-uni-um120-signo-07mm-azul\/"},"modified":"2022-07-04T14:34:25","modified_gmt":"2022-07-04T14:34:25","slug":"esferografica-uni-um120-signo-07mm-azul","status":"publish","type":"product","link":"https:\/\/simoffice.pt\/index.php\/product\/esferografica-uni-um120-signo-07mm-azul\/","title":{"rendered":"Esferografica UNI UM120 SIGNO 0,7mm Azul"},"content":{"rendered":"<p>Escrita m\u00e9dia. Tinta gel para uma escrita suave. Ponta em a\u00e7o inoxid\u00e1vel.<br \/>\nCorpo em pl\u00e1stico transparente que permite ver o n\u00edvel de tinta.<\/p>\n","protected":false},"excerpt":{"rendered":"<p>Escrita m\u00e9dia. Tinta gel para uma escrita suave. Ponta em a\u00e7o inoxid\u00e1vel. Corpo em pl\u00e1stico transparente que permite ver o n\u00edvel de tinta.<\/p>\n","protected":false},"featured_media":4549,"template":"","meta":[],"product_cat":[74],"product_tag":[],"_links":{"self":[{"href":"https:\/\/simoffice.pt\/index.php\/wp-json\/wp\/v2\/product\/4548"}],"collection":[{"href":"https:\/\/simoffice.pt\/index.php\/wp-json\/wp\/v2\/product"}],"about":[{"href":"https:\/\/simoffice.pt\/index.php\/wp-json\/wp\/v2\/types\/product"}],"wp:featuredmedia":[{"embeddable":true,"href":"https:\/\/simoffice.pt\/index.php\/wp-json\/wp\/v2\/media\/4549"}],"wp:attachment":[{"href":"https:\/\/simoffice.pt\/index.php\/wp-json\/wp\/v2\/media?parent=4548"}],"wp:term":[{"taxonomy":"product_cat","embeddable":true,"href":"https:\/\/simoffice.pt\/index.php\/wp-json\/wp\/v2\/product_cat?post=4548"},{"taxonomy":"product_tag","embeddable":true,"href":"https:\/\/simoffice.pt\/index.php\/wp-json\/wp\/v2\/product_tag?post=4548"}],"curies":[{"name":"wp","href":"https:\/\/api.w.org\/{rel}","templated":true}]}}