{"id":4537,"date":"2022-07-04T14:33:49","date_gmt":"2022-07-04T14:33:49","guid":{"rendered":"https:\/\/simoffice.pt\/index.php\/product\/quadro-cortica-moldura-aluminio-150x100cm\/"},"modified":"2022-07-04T14:33:55","modified_gmt":"2022-07-04T14:33:55","slug":"quadro-cortica-moldura-aluminio-150x100cm","status":"publish","type":"product","link":"https:\/\/simoffice.pt\/index.php\/product\/quadro-cortica-moldura-aluminio-150x100cm\/","title":{"rendered":"Quadro Cortica Moldura Aluminio 150x100cm"},"content":{"rendered":"<p>Quadro expositor com uma face revestida a corticite \u00e0 cor natural, para fixa\u00e7\u00e3o \u00e0 parede. Moldura em madeira ou alum\u00ednio.<\/p>\n<p>Superf\u00edcie natural de alta qualidade<br \/>\nCorti\u00e7a resistente auto-regeneradora<br \/>\nPara uso com alfinetes de sinaliza\u00e7\u00e3o<br \/>\nMoldura cl\u00e1ssica de alum\u00ednio anodizado<br \/>\nFixa\u00e7\u00f5es de parede ocultas pelos cantos de pl\u00e1stico<br \/>\nFornecido com kit de fixa\u00e7\u00e3o \u00e0 parede<\/p>\n","protected":false},"excerpt":{"rendered":"<p>Quadro expositor com uma face revestida a corticite \u00e0 cor natural, para fixa\u00e7\u00e3o \u00e0 parede. Moldura em madeira ou alum\u00ednio. Superf\u00edcie natural de alta qualidade Corti\u00e7a resistente auto-regeneradora Para uso com alfinetes de sinaliza\u00e7\u00e3o Moldura cl\u00e1ssica de alum\u00ednio anodizado Fixa\u00e7\u00f5es de parede ocultas pelos cantos de pl\u00e1stico Fornecido com kit de fixa\u00e7\u00e3o \u00e0 parede<\/p>\n","protected":false},"featured_media":4538,"template":"","meta":[],"product_cat":[76],"product_tag":[],"_links":{"self":[{"href":"https:\/\/simoffice.pt\/index.php\/wp-json\/wp\/v2\/product\/4537"}],"collection":[{"href":"https:\/\/simoffice.pt\/index.php\/wp-json\/wp\/v2\/product"}],"about":[{"href":"https:\/\/simoffice.pt\/index.php\/wp-json\/wp\/v2\/types\/product"}],"wp:featuredmedia":[{"embeddable":true,"href":"https:\/\/simoffice.pt\/index.php\/wp-json\/wp\/v2\/media\/4538"}],"wp:attachment":[{"href":"https:\/\/simoffice.pt\/index.php\/wp-json\/wp\/v2\/media?parent=4537"}],"wp:term":[{"taxonomy":"product_cat","embeddable":true,"href":"https:\/\/simoffice.pt\/index.php\/wp-json\/wp\/v2\/product_cat?post=4537"},{"taxonomy":"product_tag","embeddable":true,"href":"https:\/\/simoffice.pt\/index.php\/wp-json\/wp\/v2\/product_tag?post=4537"}],"curies":[{"name":"wp","href":"https:\/\/api.w.org\/{rel}","templated":true}]}}