{"id":4477,"date":"2022-07-04T14:30:48","date_gmt":"2022-07-04T14:30:48","guid":{"rendered":"https:\/\/simoffice.pt\/index.php\/product\/toshiba-disco-externo-3-5-5tb-canvio-preto\/"},"modified":"2022-07-04T14:30:54","modified_gmt":"2022-07-04T14:30:54","slug":"toshiba-disco-externo-3-5-5tb-canvio-preto","status":"publish","type":"product","link":"https:\/\/simoffice.pt\/index.php\/product\/toshiba-disco-externo-3-5-5tb-canvio-preto\/","title":{"rendered":"Toshiba Disco externo 3.5&#8243; 5TB Canvio preto"},"content":{"rendered":"<p>Toshiba Canvio 3.5&#8243; 5TB. Capacidade do Disco R\u00edgido: 5000 GB, Tamanho do disco r\u00edgido: 3.5&#8243;, Interface do host: USB 2.0, USB 3.0 (3.1 Gen 1) Type-A. Tecnologia da conectividade: Com fios, Vers\u00e3o USB: 2.0\/3.0 (3.1 Gen 1), Sistema operativo Windows suportado: Windows 10 Education, Windows 10 Education x64, Windows 10 Enterprise, Windows 10 Enterprise x64, Wi. Tens\u00e3o: 100-240, Frequ\u00eancia: 50\/60. Cor da caixa: Preto. Largura do produto: 16,7 cm, Profundidade da Unidade: 12,9 cm, Altura da Unidade: 4,15 cm<\/p>\n","protected":false},"excerpt":{"rendered":"<p>Toshiba Canvio 3.5&#8243; 5TB. Capacidade do Disco R\u00edgido: 5000 GB, Tamanho do disco r\u00edgido: 3.5&#8243;, Interface do host: USB 2.0, USB 3.0 (3.1 Gen 1) Type-A. Tecnologia da conectividade: Com fios, Vers\u00e3o USB: 2.0\/3.0 (3.1 Gen 1), Sistema operativo Windows suportado: Windows 10 Education, Windows 10 Education x64, Windows 10 Enterprise, Windows 10 Enterprise x64, [&hellip;]<\/p>\n","protected":false},"featured_media":4478,"template":"","meta":[],"product_cat":[72],"product_tag":[],"_links":{"self":[{"href":"https:\/\/simoffice.pt\/index.php\/wp-json\/wp\/v2\/product\/4477"}],"collection":[{"href":"https:\/\/simoffice.pt\/index.php\/wp-json\/wp\/v2\/product"}],"about":[{"href":"https:\/\/simoffice.pt\/index.php\/wp-json\/wp\/v2\/types\/product"}],"wp:featuredmedia":[{"embeddable":true,"href":"https:\/\/simoffice.pt\/index.php\/wp-json\/wp\/v2\/media\/4478"}],"wp:attachment":[{"href":"https:\/\/simoffice.pt\/index.php\/wp-json\/wp\/v2\/media?parent=4477"}],"wp:term":[{"taxonomy":"product_cat","embeddable":true,"href":"https:\/\/simoffice.pt\/index.php\/wp-json\/wp\/v2\/product_cat?post=4477"},{"taxonomy":"product_tag","embeddable":true,"href":"https:\/\/simoffice.pt\/index.php\/wp-json\/wp\/v2\/product_tag?post=4477"}],"curies":[{"name":"wp","href":"https:\/\/api.w.org\/{rel}","templated":true}]}}