{"id":4444,"date":"2022-07-04T14:29:09","date_gmt":"2022-07-04T14:29:09","guid":{"rendered":"https:\/\/simoffice.pt\/index.php\/product\/fichas-rj45-cat-6-pack-10uni-lindy\/"},"modified":"2022-07-04T14:29:15","modified_gmt":"2022-07-04T14:29:15","slug":"fichas-rj45-cat-6-pack-10uni-lindy","status":"publish","type":"product","link":"https:\/\/simoffice.pt\/index.php\/product\/fichas-rj45-cat-6-pack-10uni-lindy\/","title":{"rendered":"Fichas RJ45 Cat.6 Pack 10uni Lindy"},"content":{"rendered":"<p>Referencia : 62430<br \/>\nFicha \/ Conector UTP RJ45 CAT6 x10 LINDY (62430)<br \/>\nFabricante : Lindy<br \/>\nFicha \/ Conector UTP RJ45 CAT6 x10<br \/>\nPara liga\u00e7\u00f5es CAT6<br \/>\nPack de 10 Unidades<br \/>\nManual de Instru\u00e7\u00f5es (PDF 558.27KB)<\/p>\n","protected":false},"excerpt":{"rendered":"<p>Referencia : 62430 Ficha \/ Conector UTP RJ45 CAT6 x10 LINDY (62430) Fabricante : Lindy Ficha \/ Conector UTP RJ45 CAT6 x10 Para liga\u00e7\u00f5es CAT6 Pack de 10 Unidades Manual de Instru\u00e7\u00f5es (PDF 558.27KB)<\/p>\n","protected":false},"featured_media":4445,"template":"","meta":[],"product_cat":[75],"product_tag":[],"_links":{"self":[{"href":"https:\/\/simoffice.pt\/index.php\/wp-json\/wp\/v2\/product\/4444"}],"collection":[{"href":"https:\/\/simoffice.pt\/index.php\/wp-json\/wp\/v2\/product"}],"about":[{"href":"https:\/\/simoffice.pt\/index.php\/wp-json\/wp\/v2\/types\/product"}],"wp:featuredmedia":[{"embeddable":true,"href":"https:\/\/simoffice.pt\/index.php\/wp-json\/wp\/v2\/media\/4445"}],"wp:attachment":[{"href":"https:\/\/simoffice.pt\/index.php\/wp-json\/wp\/v2\/media?parent=4444"}],"wp:term":[{"taxonomy":"product_cat","embeddable":true,"href":"https:\/\/simoffice.pt\/index.php\/wp-json\/wp\/v2\/product_cat?post=4444"},{"taxonomy":"product_tag","embeddable":true,"href":"https:\/\/simoffice.pt\/index.php\/wp-json\/wp\/v2\/product_tag?post=4444"}],"curies":[{"name":"wp","href":"https:\/\/api.w.org\/{rel}","templated":true}]}}