{"id":4420,"date":"2022-07-04T14:27:58","date_gmt":"2022-07-04T14:27:58","guid":{"rendered":"https:\/\/simoffice.pt\/index.php\/product\/afia-lapis-de-plastico-1-boca-smartd-com-deposito\/"},"modified":"2022-07-04T14:28:04","modified_gmt":"2022-07-04T14:28:04","slug":"afia-lapis-de-plastico-1-boca-smartd-com-deposito","status":"publish","type":"product","link":"https:\/\/simoffice.pt\/index.php\/product\/afia-lapis-de-plastico-1-boca-smartd-com-deposito\/","title":{"rendered":"Afia Lapis de Plastico (1 Boca) smartd com deposito"},"content":{"rendered":"<p>Permite afiar l\u00e1pis redondos ou tri\u00e2ngulares.<br \/>\nCom uma ou duas bocas para uma maior efici\u00eancia.<\/p>\n","protected":false},"excerpt":{"rendered":"<p>Permite afiar l\u00e1pis redondos ou tri\u00e2ngulares. Com uma ou duas bocas para uma maior efici\u00eancia.<\/p>\n","protected":false},"featured_media":4421,"template":"","meta":[],"product_cat":[74],"product_tag":[],"_links":{"self":[{"href":"https:\/\/simoffice.pt\/index.php\/wp-json\/wp\/v2\/product\/4420"}],"collection":[{"href":"https:\/\/simoffice.pt\/index.php\/wp-json\/wp\/v2\/product"}],"about":[{"href":"https:\/\/simoffice.pt\/index.php\/wp-json\/wp\/v2\/types\/product"}],"wp:featuredmedia":[{"embeddable":true,"href":"https:\/\/simoffice.pt\/index.php\/wp-json\/wp\/v2\/media\/4421"}],"wp:attachment":[{"href":"https:\/\/simoffice.pt\/index.php\/wp-json\/wp\/v2\/media?parent=4420"}],"wp:term":[{"taxonomy":"product_cat","embeddable":true,"href":"https:\/\/simoffice.pt\/index.php\/wp-json\/wp\/v2\/product_cat?post=4420"},{"taxonomy":"product_tag","embeddable":true,"href":"https:\/\/simoffice.pt\/index.php\/wp-json\/wp\/v2\/product_tag?post=4420"}],"curies":[{"name":"wp","href":"https:\/\/api.w.org\/{rel}","templated":true}]}}