{"id":4414,"date":"2022-07-04T14:27:39","date_gmt":"2022-07-04T14:27:39","guid":{"rendered":"https:\/\/simoffice.pt\/index.php\/product\/almofada-carimbos-no2-7x11cm-scriva-vermelho\/"},"modified":"2022-07-04T14:27:45","modified_gmt":"2022-07-04T14:27:45","slug":"almofada-carimbos-no2-7x11cm-scriva-vermelho","status":"publish","type":"product","link":"https:\/\/simoffice.pt\/index.php\/product\/almofada-carimbos-no2-7x11cm-scriva-vermelho\/","title":{"rendered":"Almofada Carimbos N\u00ba2 7x11cm Scriva Vermelho"},"content":{"rendered":"<p>Caixa em pl\u00e1stico e metal.<br \/>\nPara utiliza\u00e7\u00e3o em carimbos n\u00e3o autotint\u00e1veis<\/p>\n","protected":false},"excerpt":{"rendered":"<p>Caixa em pl\u00e1stico e metal. Para utiliza\u00e7\u00e3o em carimbos n\u00e3o autotint\u00e1veis<\/p>\n","protected":false},"featured_media":4415,"template":"","meta":[],"product_cat":[74],"product_tag":[],"_links":{"self":[{"href":"https:\/\/simoffice.pt\/index.php\/wp-json\/wp\/v2\/product\/4414"}],"collection":[{"href":"https:\/\/simoffice.pt\/index.php\/wp-json\/wp\/v2\/product"}],"about":[{"href":"https:\/\/simoffice.pt\/index.php\/wp-json\/wp\/v2\/types\/product"}],"wp:featuredmedia":[{"embeddable":true,"href":"https:\/\/simoffice.pt\/index.php\/wp-json\/wp\/v2\/media\/4415"}],"wp:attachment":[{"href":"https:\/\/simoffice.pt\/index.php\/wp-json\/wp\/v2\/media?parent=4414"}],"wp:term":[{"taxonomy":"product_cat","embeddable":true,"href":"https:\/\/simoffice.pt\/index.php\/wp-json\/wp\/v2\/product_cat?post=4414"},{"taxonomy":"product_tag","embeddable":true,"href":"https:\/\/simoffice.pt\/index.php\/wp-json\/wp\/v2\/product_tag?post=4414"}],"curies":[{"name":"wp","href":"https:\/\/api.w.org\/{rel}","templated":true}]}}