{"id":4410,"date":"2022-07-04T14:27:28","date_gmt":"2022-07-04T14:27:28","guid":{"rendered":"https:\/\/simoffice.pt\/index.php\/product\/borracha-branca-scriva-41x19x115-1-uni\/"},"modified":"2022-07-04T14:27:33","modified_gmt":"2022-07-04T14:27:33","slug":"borracha-branca-scriva-41x19x115-1-uni","status":"publish","type":"product","link":"https:\/\/simoffice.pt\/index.php\/product\/borracha-branca-scriva-41x19x115-1-uni\/","title":{"rendered":"Borracha Branca Scriva 41x19x11,5 1 uni"},"content":{"rendered":"<p>De pl\u00e1stico branco, suave, vers\u00e1til n\u00e3o abrasiva.<br \/>\nPara apagar todo o tipo de superf\u00edcies. N\u00e3o estraga o papel.<\/p>\n","protected":false},"excerpt":{"rendered":"<p>De pl\u00e1stico branco, suave, vers\u00e1til n\u00e3o abrasiva. Para apagar todo o tipo de superf\u00edcies. N\u00e3o estraga o papel.<\/p>\n","protected":false},"featured_media":4411,"template":"","meta":[],"product_cat":[74],"product_tag":[],"_links":{"self":[{"href":"https:\/\/simoffice.pt\/index.php\/wp-json\/wp\/v2\/product\/4410"}],"collection":[{"href":"https:\/\/simoffice.pt\/index.php\/wp-json\/wp\/v2\/product"}],"about":[{"href":"https:\/\/simoffice.pt\/index.php\/wp-json\/wp\/v2\/types\/product"}],"wp:featuredmedia":[{"embeddable":true,"href":"https:\/\/simoffice.pt\/index.php\/wp-json\/wp\/v2\/media\/4411"}],"wp:attachment":[{"href":"https:\/\/simoffice.pt\/index.php\/wp-json\/wp\/v2\/media?parent=4410"}],"wp:term":[{"taxonomy":"product_cat","embeddable":true,"href":"https:\/\/simoffice.pt\/index.php\/wp-json\/wp\/v2\/product_cat?post=4410"},{"taxonomy":"product_tag","embeddable":true,"href":"https:\/\/simoffice.pt\/index.php\/wp-json\/wp\/v2\/product_tag?post=4410"}],"curies":[{"name":"wp","href":"https:\/\/api.w.org\/{rel}","templated":true}]}}