{"id":4404,"date":"2022-07-04T14:27:12","date_gmt":"2022-07-04T14:27:12","guid":{"rendered":"https:\/\/simoffice.pt\/index.php\/product\/esferografica-ball-point-fine-bic-orange-preto-cx-20un\/"},"modified":"2022-07-04T14:27:18","modified_gmt":"2022-07-04T14:27:18","slug":"esferografica-ball-point-fine-bic-orange-preto-cx-20un","status":"publish","type":"product","link":"https:\/\/simoffice.pt\/index.php\/product\/esferografica-ball-point-fine-bic-orange-preto-cx-20un\/","title":{"rendered":"Esferografica Ball Point Fine BIC Orange Preto Cx 20un"},"content":{"rendered":"<p>Facilmente identific\u00e1vel pelo corpo cor de laranja. A cor da tampa e da extremidade da caneta corresponde \u00e0 cor da tinta.<br \/>\nPonta de 0,8mm que tra\u00e7a linhas de at\u00e9 0,36mm de espessura<\/p>\n","protected":false},"excerpt":{"rendered":"<p>Facilmente identific\u00e1vel pelo corpo cor de laranja. A cor da tampa e da extremidade da caneta corresponde \u00e0 cor da tinta. Ponta de 0,8mm que tra\u00e7a linhas de at\u00e9 0,36mm de espessura<\/p>\n","protected":false},"featured_media":4405,"template":"","meta":[],"product_cat":[74],"product_tag":[],"_links":{"self":[{"href":"https:\/\/simoffice.pt\/index.php\/wp-json\/wp\/v2\/product\/4404"}],"collection":[{"href":"https:\/\/simoffice.pt\/index.php\/wp-json\/wp\/v2\/product"}],"about":[{"href":"https:\/\/simoffice.pt\/index.php\/wp-json\/wp\/v2\/types\/product"}],"wp:featuredmedia":[{"embeddable":true,"href":"https:\/\/simoffice.pt\/index.php\/wp-json\/wp\/v2\/media\/4405"}],"wp:attachment":[{"href":"https:\/\/simoffice.pt\/index.php\/wp-json\/wp\/v2\/media?parent=4404"}],"wp:term":[{"taxonomy":"product_cat","embeddable":true,"href":"https:\/\/simoffice.pt\/index.php\/wp-json\/wp\/v2\/product_cat?post=4404"},{"taxonomy":"product_tag","embeddable":true,"href":"https:\/\/simoffice.pt\/index.php\/wp-json\/wp\/v2\/product_tag?post=4404"}],"curies":[{"name":"wp","href":"https:\/\/api.w.org\/{rel}","templated":true}]}}