{"id":4394,"date":"2022-07-04T14:26:41","date_gmt":"2022-07-04T14:26:41","guid":{"rendered":"https:\/\/simoffice.pt\/index.php\/product\/fonestar-microfone-intercomunicador-gm-20p\/"},"modified":"2022-07-04T14:26:47","modified_gmt":"2022-07-04T14:26:47","slug":"fonestar-microfone-intercomunicador-gm-20p","status":"publish","type":"product","link":"https:\/\/simoffice.pt\/index.php\/product\/fonestar-microfone-intercomunicador-gm-20p\/","title":{"rendered":"Fonestar Microfone Intercomunicador GM-20P"},"content":{"rendered":"<p>Sistema de intercomunica\u00e7\u00e3o de janela composto por microfone intercomunicador de mesa exterior para facilitar a comunica\u00e7\u00e3o atrav\u00e9s de janelas, para uso em bancos, despachos, postos de controle, acessos privados, parques, etc.<\/p>\n","protected":false},"excerpt":{"rendered":"<p>Sistema de intercomunica\u00e7\u00e3o de janela composto por microfone intercomunicador de mesa exterior para facilitar a comunica\u00e7\u00e3o atrav\u00e9s de janelas, para uso em bancos, despachos, postos de controle, acessos privados, parques, etc.<\/p>\n","protected":false},"featured_media":4395,"template":"","meta":[],"product_cat":[76],"product_tag":[],"_links":{"self":[{"href":"https:\/\/simoffice.pt\/index.php\/wp-json\/wp\/v2\/product\/4394"}],"collection":[{"href":"https:\/\/simoffice.pt\/index.php\/wp-json\/wp\/v2\/product"}],"about":[{"href":"https:\/\/simoffice.pt\/index.php\/wp-json\/wp\/v2\/types\/product"}],"wp:featuredmedia":[{"embeddable":true,"href":"https:\/\/simoffice.pt\/index.php\/wp-json\/wp\/v2\/media\/4395"}],"wp:attachment":[{"href":"https:\/\/simoffice.pt\/index.php\/wp-json\/wp\/v2\/media?parent=4394"}],"wp:term":[{"taxonomy":"product_cat","embeddable":true,"href":"https:\/\/simoffice.pt\/index.php\/wp-json\/wp\/v2\/product_cat?post=4394"},{"taxonomy":"product_tag","embeddable":true,"href":"https:\/\/simoffice.pt\/index.php\/wp-json\/wp\/v2\/product_tag?post=4394"}],"curies":[{"name":"wp","href":"https:\/\/api.w.org\/{rel}","templated":true}]}}