{"id":4309,"date":"2022-07-04T14:22:36","date_gmt":"2022-07-04T14:22:36","guid":{"rendered":"https:\/\/simoffice.pt\/index.php\/product\/smartd-fita-adesiva-dupla-face-19mmx33mts\/"},"modified":"2022-07-04T14:22:42","modified_gmt":"2022-07-04T14:22:42","slug":"smartd-fita-adesiva-dupla-face-19mmx33mts","status":"publish","type":"product","link":"https:\/\/simoffice.pt\/index.php\/product\/smartd-fita-adesiva-dupla-face-19mmx33mts\/","title":{"rendered":"SmarTD Fita Adesiva Dupla Face 19mmx33mts"},"content":{"rendered":"<p>Desenrolamento f\u00e1cil. Para v\u00e1rias aplica\u00e7\u00f5es, como colagem de fotografias, postais, posters etc. Resistentes ao envelhecimento.<\/p>\n","protected":false},"excerpt":{"rendered":"<p>Desenrolamento f\u00e1cil. Para v\u00e1rias aplica\u00e7\u00f5es, como colagem de fotografias, postais, posters etc. Resistentes ao envelhecimento.<\/p>\n","protected":false},"featured_media":4310,"template":"","meta":[],"product_cat":[74],"product_tag":[],"_links":{"self":[{"href":"https:\/\/simoffice.pt\/index.php\/wp-json\/wp\/v2\/product\/4309"}],"collection":[{"href":"https:\/\/simoffice.pt\/index.php\/wp-json\/wp\/v2\/product"}],"about":[{"href":"https:\/\/simoffice.pt\/index.php\/wp-json\/wp\/v2\/types\/product"}],"wp:featuredmedia":[{"embeddable":true,"href":"https:\/\/simoffice.pt\/index.php\/wp-json\/wp\/v2\/media\/4310"}],"wp:attachment":[{"href":"https:\/\/simoffice.pt\/index.php\/wp-json\/wp\/v2\/media?parent=4309"}],"wp:term":[{"taxonomy":"product_cat","embeddable":true,"href":"https:\/\/simoffice.pt\/index.php\/wp-json\/wp\/v2\/product_cat?post=4309"},{"taxonomy":"product_tag","embeddable":true,"href":"https:\/\/simoffice.pt\/index.php\/wp-json\/wp\/v2\/product_tag?post=4309"}],"curies":[{"name":"wp","href":"https:\/\/api.w.org\/{rel}","templated":true}]}}