{"id":4290,"date":"2022-07-04T14:21:40","date_gmt":"2022-07-04T14:21:40","guid":{"rendered":"https:\/\/simoffice.pt\/index.php\/product\/rolo-de-papel-termico-57x50x11-pack-10uni\/"},"modified":"2022-07-04T14:21:46","modified_gmt":"2022-07-04T14:21:46","slug":"rolo-de-papel-termico-57x50x11-pack-10uni","status":"publish","type":"product","link":"https:\/\/simoffice.pt\/index.php\/product\/rolo-de-papel-termico-57x50x11-pack-10uni\/","title":{"rendered":"Rolo de Papel Termico 57x50x11 Pack 10uni"},"content":{"rendered":"<p>Este tipo de papel cont\u00e9m uma subst\u00e2ncia qu\u00edmica que muda de cor quando exposto ao calor. Para multibancos.<\/p>\n","protected":false},"excerpt":{"rendered":"<p>Este tipo de papel cont\u00e9m uma subst\u00e2ncia qu\u00edmica que muda de cor quando exposto ao calor. Para multibancos.<\/p>\n","protected":false},"featured_media":4291,"template":"","meta":[],"product_cat":[74],"product_tag":[],"_links":{"self":[{"href":"https:\/\/simoffice.pt\/index.php\/wp-json\/wp\/v2\/product\/4290"}],"collection":[{"href":"https:\/\/simoffice.pt\/index.php\/wp-json\/wp\/v2\/product"}],"about":[{"href":"https:\/\/simoffice.pt\/index.php\/wp-json\/wp\/v2\/types\/product"}],"wp:featuredmedia":[{"embeddable":true,"href":"https:\/\/simoffice.pt\/index.php\/wp-json\/wp\/v2\/media\/4291"}],"wp:attachment":[{"href":"https:\/\/simoffice.pt\/index.php\/wp-json\/wp\/v2\/media?parent=4290"}],"wp:term":[{"taxonomy":"product_cat","embeddable":true,"href":"https:\/\/simoffice.pt\/index.php\/wp-json\/wp\/v2\/product_cat?post=4290"},{"taxonomy":"product_tag","embeddable":true,"href":"https:\/\/simoffice.pt\/index.php\/wp-json\/wp\/v2\/product_tag?post=4290"}],"curies":[{"name":"wp","href":"https:\/\/api.w.org\/{rel}","templated":true}]}}