{"id":4268,"date":"2022-07-04T14:20:36","date_gmt":"2022-07-04T14:20:36","guid":{"rendered":"https:\/\/simoffice.pt\/index.php\/product\/rolos-papel-termico-80x70x11-pack-10\/"},"modified":"2022-07-04T14:20:42","modified_gmt":"2022-07-04T14:20:42","slug":"rolos-papel-termico-80x70x11-pack-10","status":"publish","type":"product","link":"https:\/\/simoffice.pt\/index.php\/product\/rolos-papel-termico-80x70x11-pack-10\/","title":{"rendered":"Rolos papel T\u00e9rmico 80x70x11 Pack 10"},"content":{"rendered":"<p>Este tipo de papel cont\u00e9m uma subst\u00e2ncia qu\u00edmica que muda de cor quando exposto ao calor. Rolos para registadoras, balan\u00e7as, calculadoras e P.O.S.<\/p>\n","protected":false},"excerpt":{"rendered":"<p>Este tipo de papel cont\u00e9m uma subst\u00e2ncia qu\u00edmica que muda de cor quando exposto ao calor. Rolos para registadoras, balan\u00e7as, calculadoras e P.O.S.<\/p>\n","protected":false},"featured_media":4269,"template":"","meta":[],"product_cat":[74],"product_tag":[],"_links":{"self":[{"href":"https:\/\/simoffice.pt\/index.php\/wp-json\/wp\/v2\/product\/4268"}],"collection":[{"href":"https:\/\/simoffice.pt\/index.php\/wp-json\/wp\/v2\/product"}],"about":[{"href":"https:\/\/simoffice.pt\/index.php\/wp-json\/wp\/v2\/types\/product"}],"wp:featuredmedia":[{"embeddable":true,"href":"https:\/\/simoffice.pt\/index.php\/wp-json\/wp\/v2\/media\/4269"}],"wp:attachment":[{"href":"https:\/\/simoffice.pt\/index.php\/wp-json\/wp\/v2\/media?parent=4268"}],"wp:term":[{"taxonomy":"product_cat","embeddable":true,"href":"https:\/\/simoffice.pt\/index.php\/wp-json\/wp\/v2\/product_cat?post=4268"},{"taxonomy":"product_tag","embeddable":true,"href":"https:\/\/simoffice.pt\/index.php\/wp-json\/wp\/v2\/product_tag?post=4268"}],"curies":[{"name":"wp","href":"https:\/\/api.w.org\/{rel}","templated":true}]}}