{"id":4201,"date":"2022-07-04T14:17:17","date_gmt":"2022-07-04T14:17:17","guid":{"rendered":"https:\/\/simoffice.pt\/index.php\/product\/bi-office-quadro-branco-60x90cm-melamina-magnetico-moldura-aluminio\/"},"modified":"2022-07-04T14:17:23","modified_gmt":"2022-07-04T14:17:23","slug":"bi-office-quadro-branco-60x90cm-melamina-magnetico-moldura-aluminio","status":"publish","type":"product","link":"https:\/\/simoffice.pt\/index.php\/product\/bi-office-quadro-branco-60x90cm-melamina-magnetico-moldura-aluminio\/","title":{"rendered":"Bi Office Quadro Branco 60x90cm Melamina Magnetico Moldura Aluminio"},"content":{"rendered":"<p>Quadro escolar magn\u00e9tico para escrita com marcador, com uma face em melamina, porcelana, cer\u00e2mica ou vidro, para fixa\u00e7\u00e3o \u00e0 parede. Pode facilmente colocar o apagador no quadro uma vez que o mesmo fica preso devido ao \u00edman.<\/p>\n","protected":false},"excerpt":{"rendered":"<p>Quadro escolar magn\u00e9tico para escrita com marcador, com uma face em melamina, porcelana, cer\u00e2mica ou vidro, para fixa\u00e7\u00e3o \u00e0 parede. Pode facilmente colocar o apagador no quadro uma vez que o mesmo fica preso devido ao \u00edman.<\/p>\n","protected":false},"featured_media":4202,"template":"","meta":[],"product_cat":[76],"product_tag":[],"_links":{"self":[{"href":"https:\/\/simoffice.pt\/index.php\/wp-json\/wp\/v2\/product\/4201"}],"collection":[{"href":"https:\/\/simoffice.pt\/index.php\/wp-json\/wp\/v2\/product"}],"about":[{"href":"https:\/\/simoffice.pt\/index.php\/wp-json\/wp\/v2\/types\/product"}],"wp:featuredmedia":[{"embeddable":true,"href":"https:\/\/simoffice.pt\/index.php\/wp-json\/wp\/v2\/media\/4202"}],"wp:attachment":[{"href":"https:\/\/simoffice.pt\/index.php\/wp-json\/wp\/v2\/media?parent=4201"}],"wp:term":[{"taxonomy":"product_cat","embeddable":true,"href":"https:\/\/simoffice.pt\/index.php\/wp-json\/wp\/v2\/product_cat?post=4201"},{"taxonomy":"product_tag","embeddable":true,"href":"https:\/\/simoffice.pt\/index.php\/wp-json\/wp\/v2\/product_tag?post=4201"}],"curies":[{"name":"wp","href":"https:\/\/api.w.org\/{rel}","templated":true}]}}