{"id":4168,"date":"2022-07-04T14:15:36","date_gmt":"2022-07-04T14:15:36","guid":{"rendered":"https:\/\/simoffice.pt\/index.php\/product\/papel-fotocopia-a4-green-5x500-folhas\/"},"modified":"2022-07-04T14:15:42","modified_gmt":"2022-07-04T14:15:42","slug":"papel-fotocopia-a4-green-5x500-folhas","status":"publish","type":"product","link":"https:\/\/simoffice.pt\/index.php\/product\/papel-fotocopia-a4-green-5x500-folhas\/","title":{"rendered":"Papel Fotocopia A4 Green 5&#215;500 Folhas"},"content":{"rendered":"<p>Papel fotoc\u00f3pia econ\u00f3mico.<br \/>\nIndicado para a utiliza\u00e7\u00e3o em escrit\u00f3rios e centros de c\u00f3pia.<br \/>\nPermite impress\u00e3o dos dois lados. Para impress\u00e3o Laserjet e Inkjet.<\/p>\n","protected":false},"excerpt":{"rendered":"<p>Papel fotoc\u00f3pia econ\u00f3mico. Indicado para a utiliza\u00e7\u00e3o em escrit\u00f3rios e centros de c\u00f3pia. Permite impress\u00e3o dos dois lados. Para impress\u00e3o Laserjet e Inkjet.<\/p>\n","protected":false},"featured_media":4169,"template":"","meta":[],"product_cat":[74],"product_tag":[],"_links":{"self":[{"href":"https:\/\/simoffice.pt\/index.php\/wp-json\/wp\/v2\/product\/4168"}],"collection":[{"href":"https:\/\/simoffice.pt\/index.php\/wp-json\/wp\/v2\/product"}],"about":[{"href":"https:\/\/simoffice.pt\/index.php\/wp-json\/wp\/v2\/types\/product"}],"wp:featuredmedia":[{"embeddable":true,"href":"https:\/\/simoffice.pt\/index.php\/wp-json\/wp\/v2\/media\/4169"}],"wp:attachment":[{"href":"https:\/\/simoffice.pt\/index.php\/wp-json\/wp\/v2\/media?parent=4168"}],"wp:term":[{"taxonomy":"product_cat","embeddable":true,"href":"https:\/\/simoffice.pt\/index.php\/wp-json\/wp\/v2\/product_cat?post=4168"},{"taxonomy":"product_tag","embeddable":true,"href":"https:\/\/simoffice.pt\/index.php\/wp-json\/wp\/v2\/product_tag?post=4168"}],"curies":[{"name":"wp","href":"https:\/\/api.w.org\/{rel}","templated":true}]}}