{"id":507,"date":"2020-02-07T23:49:25","date_gmt":"2020-02-07T23:49:25","guid":{"rendered":"https:\/\/simoffice.chitas.cloud\/?page_id=507"},"modified":"2022-07-07T10:38:45","modified_gmt":"2022-07-07T10:38:45","slug":"sobre-nos","status":"publish","type":"page","link":"https:\/\/simoffice.pt\/index.php\/sobre-nos\/","title":{"rendered":"Sobre n\u00f3s"},"content":{"rendered":"<div class=\"politica-de-cookies\">\n<p class=\"x_MsoNormal\"><span lang=\"PT\">A Simoffice \u00e9 uma empresa que se encontra no mercado nacional desde 2011.<\/span><\/p>\n<p class=\"x_MsoNormal\"><span lang=\"PT\">Em 2016 sofreu uma reestrutura\u00e7\u00e3o ao n\u00edvel dos \u00f3rg\u00e3os sociais, os s\u00f3cios fundadores sa\u00edram da empresa tendo entrado 2 novos s\u00f3cios, que se encontram em fun\u00e7\u00f5es at\u00e9 hoje.<\/span><\/p>\n<p class=\"x_MsoNormal\"><span lang=\"PT\">A Simoffice tem a sua sede em lisboa, e tem como objetivo ser um parceiro de confian\u00e7a no que diz respeito ao mercado do material de escrit\u00f3rio.<\/span><\/p>\n<p class=\"x_MsoNormal\"><span lang=\"PT\">Estamos \u00e1 vossa inteira disposi\u00e7\u00e3o para lhe dar uma melhor resposta \u00e1s vossas necessidades, servindo-o com a nossa simpatia e brevidade.<\/span><\/p>\n<\/div>\n","protected":false},"excerpt":{"rendered":"<p>A Simoffice \u00e9 uma empresa que se encontra no mercado nacional desde 2011. Em 2016 sofreu uma reestrutura\u00e7\u00e3o ao n\u00edvel dos \u00f3rg\u00e3os sociais, os s\u00f3cios fundadores sa\u00edram da empresa tendo entrado 2 novos s\u00f3cios, que se encontram em fun\u00e7\u00f5es at\u00e9 hoje. A Simoffice tem a sua sede em lisboa, e tem como objetivo ser um [&hellip;]<\/p>\n","protected":false},"author":1,"featured_media":0,"parent":0,"menu_order":0,"comment_status":"closed","ping_status":"closed","template":"","meta":[],"_links":{"self":[{"href":"https:\/\/simoffice.pt\/index.php\/wp-json\/wp\/v2\/pages\/507"}],"collection":[{"href":"https:\/\/simoffice.pt\/index.php\/wp-json\/wp\/v2\/pages"}],"about":[{"href":"https:\/\/simoffice.pt\/index.php\/wp-json\/wp\/v2\/types\/page"}],"author":[{"embeddable":true,"href":"https:\/\/simoffice.pt\/index.php\/wp-json\/wp\/v2\/users\/1"}],"replies":[{"embeddable":true,"href":"https:\/\/simoffice.pt\/index.php\/wp-json\/wp\/v2\/comments?post=507"}],"version-history":[{"count":3,"href":"https:\/\/simoffice.pt\/index.php\/wp-json\/wp\/v2\/pages\/507\/revisions"}],"predecessor-version":[{"id":9457,"href":"https:\/\/simoffice.pt\/index.php\/wp-json\/wp\/v2\/pages\/507\/revisions\/9457"}],"wp:attachment":[{"href":"https:\/\/simoffice.pt\/index.php\/wp-json\/wp\/v2\/media?parent=507"}],"curies":[{"name":"wp","href":"https:\/\/api.w.org\/{rel}","templated":true}]}}