{"id":504,"date":"2020-02-07T23:41:34","date_gmt":"2020-02-07T23:41:34","guid":{"rendered":"https:\/\/simoffice.chitas.cloud\/?page_id=504"},"modified":"2020-02-08T00:09:16","modified_gmt":"2020-02-08T00:09:16","slug":"politica-de-cookies","status":"publish","type":"page","link":"https:\/\/simoffice.pt\/index.php\/politica-de-cookies\/","title":{"rendered":"Pol\u00edtica de Cookies"},"content":{"rendered":"\n            <div class=\"politica-de-cookies\">\n            <p>Esta Pol\u00edtica de <i>cookies<\/i>&nbsp;faz parte da nossa&nbsp;<a href=\"https:\/\/simoffice.pt\/index.php\/politica-privacidade\/\" target=\"_blank\" rel=\"noopener noreferrer\">Pol\u00edtica de Privacidade<\/a>. Para mais informa\u00e7\u00f5es sobre n\u00f3s e sobre a\n                forma como protegemos as informa\u00e7\u00f5es dos utilizadores consulte a nossa&nbsp;<a href=\"https:\/\/simoffice.pt\/index.php\/politica-privacidade\/\" target=\"_blank\" rel=\"noopener noreferrer\">Pol\u00edtica de Privacidade<\/a>.<\/p>\n            <p>De modo a disponibilizarmos um servi\u00e7o personalizado e eficiente aos nossos utilizadores torna-se\n                necess\u00e1rio memorizar e armazenar informa\u00e7\u00e3o sobre a forma como este <i>Website<\/i>&nbsp;deve ser\n                utilizado. Para tal, utilizamos ficheiros de texto reduzido denominados por <i>cookies<\/i>&nbsp;que\n                cont\u00eam quantidades de informa\u00e7\u00e3o reduzidas descarregadas para o computador ou outros dispositivos dos\n                nossos utilizadores atrav\u00e9s de um servidor. O seu&nbsp;<i>browser<\/i>&nbsp;de internet posteriormente\n                envia, em cada visita subsequente, estas <i>cookies<\/i>&nbsp;de volta para o W<i>ebsite<\/i>, permitindo\n                o reconhecimento e memoriza\u00e7\u00e3o da identidade dos nossos visitantes, designadamente as prefer\u00eancias de\n                utiliza\u00e7\u00e3o dos nossos utilizadores. Poder\u00e1 encontrar&nbsp;<a href=\"http:\/\/www.aboutcookies.org\/\" target=\"_blank\" rel=\"noopener noreferrer\">aqui<\/a>&nbsp;informa\u00e7\u00e3o mais detalhada sobre\n                <i>cookies<\/i>&nbsp;e seu respetivo funcionamento.<\/p>\n            <p>A navega\u00e7\u00e3o neste W<i>ebsite<\/i>&nbsp;permite a recolha de informa\u00e7\u00e3o com recurso\n                a&nbsp;<i>cookies<\/i>&nbsp;e demais tecnologias. Ao usar este&nbsp;<i>site<\/i>&nbsp;aceita o uso\n                de&nbsp;<i>cookies<\/i>&nbsp;tal como descrito nesta Notifica\u00e7\u00e3o de&nbsp;<i>cookies<\/i>&nbsp;bem como\n                o\n                uso de&nbsp;<i>cookies<\/i>&nbsp;nos demais <i>websites<\/i>&nbsp;espec\u00edficos de outros pa\u00edses,\n                regi\u00f5es e\n                escrit\u00f3rios em Deloitte.com, <i>websites<\/i>&nbsp;estes que pode visitar tal como descrito nas\n                respetivas notifica\u00e7\u00f5es de&nbsp;<i>cookies<\/i>.<\/p>\n            <p><b><u>Quais os tipos de&nbsp;<i>Cookies<\/i>&nbsp;utilizados e porqu\u00ea?<\/u><\/b><\/p>\n            <p>Parte das&nbsp;<i>cookies<\/i>&nbsp;a que recorremos s\u00e3o <b>necess\u00e1rias<\/b> para permitir a navega\u00e7\u00e3o\n                neste W<i>ebsite<\/i>&nbsp;bem como tirar partido das suas funcionalidades tais como aceder a \u00e1reas\n                seguras e conte\u00fados de acesso exclusivo para utilizadores registados.<\/p>\n            <p>O nosso W<i>ebsite<\/i>&nbsp;tamb\u00e9m recorre ao uso de&nbsp;<b><i>cookies<\/i>&nbsp;funcionais<\/b> para\n                gravar informa\u00e7\u00e3o sobre as op\u00e7\u00f5es dos nossos utilizadores e permitir customizar o nosso\n                W<i>ebsite<\/i>&nbsp;\u00e0s necessidades dos mesmos; por exemplo, memorizar a l\u00edngua de origem ou regi\u00e3o\n                ou\n                que um utilizador j\u00e1 completou o preenchimento de um inqu\u00e9rito. A informa\u00e7\u00e3o gravada \u00e9 an\u00f3nima e\n                destina-se apenas ao fim acima indicado.<\/p>\n            <p>Podemos utilizar, direta ou indiretamente, servi\u00e7os de&nbsp;<i>webanalytics<\/i>&nbsp;para aferir a\n                efic\u00e1cia dos nossos conte\u00fados e as prefer\u00eancias dos nossos utilizadores que nos permitem contribuir para\n                a otimiza\u00e7\u00e3o do funcionamento deste W<i>ebsite<\/i>. Adicionalmente, recorremos aos&nbsp;<i>web\n                    beacons<\/i>&nbsp;ou&nbsp;<i>tracking<\/i>&nbsp;pixels para contabilizar o n\u00famero de visitantes e as\n                <b>c<i>ookies<\/i>&nbsp;de desempenho<\/b>&nbsp; para monitorizar a forma como os utilizadores\n                individualmente acedem ao nosso W<i>ebsite<\/i>&nbsp;e com que regularidade. Esta informa\u00e7\u00e3o \u00e9 usada\n                apenas para efeitos estat\u00edsticos sem identifica\u00e7\u00e3o de qualquer utilizador em particular. No entanto,\n                para utilizadores registados que estejam conectados ao W<i>ebsite<\/i>&nbsp;poderemos proceder ao uso\n                combinado desta informa\u00e7\u00e3o com os dados recolhidos via servi\u00e7os de&nbsp;<i>webanalytics<\/i>&nbsp;e a\n                c<i>ookies&nbsp;<\/i>para analisar a forma como os visitantes utilizam este W<i>ebsite<\/i>&nbsp;em mais\n                pormenor.<\/p>\n            <p>Este&nbsp;<i>Website<\/i>&nbsp;n\u00e3o recorre \u00e0 utiliza\u00e7\u00e3o\n                de<b><i>Targeting<\/i>&nbsp;<i>Cookies<\/i><\/b>&nbsp;para promover publicidade direcionada aos nossos\n                visitantes.<\/p>\n            <p>Sempre que pretendam informa\u00e7\u00e3o detalhada sobre as c<i>ookies<\/i>&nbsp;utilizadas no nosso\n                W<i>ebsite<\/i>&nbsp;agradecemos o vosso contacto atrav\u00e9s do&nbsp;<a href=\"https:\/\/simoffice.pt\/index.php\/index.php\/contato\/\" target=\"_blank\" rel=\"noopener noreferrer\">formul\u00e1rio de email<\/a>.<\/p>\n            <p><b><u>Como controlar as&nbsp;<i>Cookies<\/i>?<\/u><\/b><\/p>\n            <p>Os utilizadores do W<i>ebsite<\/i>&nbsp;aceitam a introdu\u00e7\u00e3o das c<i>ookies<\/i>&nbsp;nos seus computadores\n                ou dispositivos nos termos acima indicados sem preju\u00edzo do controle e gest\u00e3o dispon\u00edveis. Informamos os\n                utilizadores que a remo\u00e7\u00e3o ou bloqueio das <i>cookies<\/i>&nbsp;poder\u00e1 afetar a sua experi\u00eancia de\n                utiliza\u00e7\u00e3o e poder\u00e1 limitar o acesso a algumas zonas do W<i>ebsite<\/i>.<br>\n                <br>\n                <b><u>Controlos no browser<\/u><\/b><\/p>\n            <p>A grande maioria dos&nbsp;<i>browsers<\/i>&nbsp;permite aos nossos utilizadores visualizar as\n                c<i>ookies<\/i>&nbsp;alojadas e elimin\u00e1-las individualmente ou alternativamente bloquear\n                as&nbsp;<i>cookies<\/i>&nbsp;num determinado&nbsp;<i>website<\/i>&nbsp;ou todos em geral. Lembramos que\n                as&nbsp;prefer\u00eancias definidas, incluindo auto-exclus\u00e3o, s\u00e3o perdidas sempre que\n                as&nbsp;<i>cookies<\/i>&nbsp;sejam eliminadas. Para mais esclarecimentos devem consultar os\n                W<i>ebsites<\/i>&nbsp;<a href=\"http:\/\/www.aboutcookies.org\/\">About<i>Cookies<\/i>.org<\/a>&nbsp;ou&nbsp;<a\n                    href=\"http:\/\/www.cookiecentral.com\/faq\/\">Cookiecentral.com<\/a>.<\/p>\n                        <p><b><i><u>Social buttons<\/u><\/i><\/b><\/p>\n            <p>N\u00f3s recorremos ao uso de&nbsp;<i>social buttons<\/i>&nbsp;para permitir aos nossos utilizadores\n                partilharem ou adicionarem p\u00e1ginas aos favoritos. Estes bot\u00f5es s\u00e3o relativos a redes sociais as quais\n                poder\u00e3o obter informa\u00e7\u00f5es sobre as atividades dos nossos visitantes na Internet, incluindo sobre o nosso\n                W<i>ebsite<\/i>. O entendimento do modo como a informa\u00e7\u00e3o \u00e9 utilizada e como podem ser exclu\u00eddos da sua\n                recolha deve ser obtido atrav\u00e9s da revis\u00e3o dos respetivos Termos de Utiliza\u00e7\u00e3o e Pol\u00edticas de\n                Privacidade desses&nbsp;<i>websites<\/i>.<\/p>\n            <p><b><i><u>Web services externos<\/u><\/i><\/b><\/p>\n            <p>Por vezes, recorremos ao uso de&nbsp;<i>web services<\/i>&nbsp;externos no&nbsp;nosso\n                W<i>ebsite<\/i>&nbsp;para exibir conte\u00fado nas nossas p\u00e1ginas&nbsp;<i>web<\/i>. Por exemplo, para\n                disponibilizar imagens, v\u00eddeos e realizar sondagens. Nestes casos, tal como com os&nbsp;<i>social\n                    buttons<\/i>, n\u00e3o podemos impedir a recolha de informa\u00e7\u00e3o sobre a utiliza\u00e7\u00e3o dos nossos visitantes\n                aquando do seu acesso as estes conte\u00fados incorporados no nosso&nbsp;<i>website<\/i>.<\/p>\n            <p><b><u>Comunica\u00e7\u00f5es via Email<\/u><\/b><\/p>\n            <p>Para aferir a pertin\u00eancia das nossas comunica\u00e7\u00f5es podemos usar tecnologias de monitoriza\u00e7\u00e3o para\n                determinar se os nossos visitantes leram, clicaram em&nbsp;<i>links<\/i>&nbsp;ou reencaminharam\n                determinadas comunica\u00e7\u00f5es atrav\u00e9s de email por n\u00f3s enviadas. Em caso de desacordo com esse modo de\n                proceder os nossos utilizadores devem reverter a sua subscri\u00e7\u00e3o (<i>unsubscribe<\/i>) dado que n\u00e3o \u00e9\n                poss\u00edvel enviar estes emails sem estes mecanismos de monitoriza\u00e7\u00e3o ativos. Os subscritores registados\n                podem atualizar as suas prefer\u00eancias de comunica\u00e7\u00e3o a qualquer momento contactando-nos atrav\u00e9s\n                deste&nbsp;<a href=\"https:\/\/simoffice.pt\/index.php\/index.php\/contato\/\">formul\u00e1rio de email<\/a>,\n                ou podem cancelar a sua subscri\u00e7\u00e3o, seguindo as instru\u00e7\u00f5es no email de comunica\u00e7\u00e3o por n\u00f3s enviado para\n                o seu endere\u00e7o eletr\u00f3nico.<\/p>\n            <p>Esta Pol\u00edtica de&nbsp;<i>cookies<\/i>&nbsp;pode ser revista a qualquer momento, de acordo com o nosso\n                crit\u00e9rio. Quando se fizerem tais altera\u00e7\u00f5es, a data de revis\u00e3o no topo da p\u00e1gina ser\u00e1 alterada. A\n                Pol\u00edtica de&nbsp;<i>cookies<\/i>&nbsp;alterada entrar\u00e1 em vigor a partir da data de revis\u00e3o. Recomendamos\n                os utilizadores do nosso&nbsp;<i>website&nbsp;<\/i>que revejam as Pol\u00edticas\n                de&nbsp;<i>cookies<\/i>&nbsp;periodicamente, com o prop\u00f3sito de ficarem informados sobre a nossa gest\u00e3o\n                das&nbsp;<i>cookies<\/i>.<\/p>\n            <\/div>\n\n\n\n<p><\/p>\n","protected":false},"excerpt":{"rendered":"<p>Esta Pol\u00edtica de cookies&nbsp;faz parte da nossa&nbsp;Pol\u00edtica de Privacidade. Para mais informa\u00e7\u00f5es sobre n\u00f3s e sobre a forma como protegemos as informa\u00e7\u00f5es dos utilizadores consulte a nossa&nbsp;Pol\u00edtica de Privacidade. De modo a disponibilizarmos um servi\u00e7o personalizado e eficiente aos nossos utilizadores torna-se necess\u00e1rio memorizar e armazenar informa\u00e7\u00e3o sobre a forma como este Website&nbsp;deve ser utilizado. [&hellip;]<\/p>\n","protected":false},"author":1,"featured_media":0,"parent":0,"menu_order":0,"comment_status":"closed","ping_status":"closed","template":"","meta":[],"_links":{"self":[{"href":"https:\/\/simoffice.pt\/index.php\/wp-json\/wp\/v2\/pages\/504"}],"collection":[{"href":"https:\/\/simoffice.pt\/index.php\/wp-json\/wp\/v2\/pages"}],"about":[{"href":"https:\/\/simoffice.pt\/index.php\/wp-json\/wp\/v2\/types\/page"}],"author":[{"embeddable":true,"href":"https:\/\/simoffice.pt\/index.php\/wp-json\/wp\/v2\/users\/1"}],"replies":[{"embeddable":true,"href":"https:\/\/simoffice.pt\/index.php\/wp-json\/wp\/v2\/comments?post=504"}],"version-history":[{"count":4,"href":"https:\/\/simoffice.pt\/index.php\/wp-json\/wp\/v2\/pages\/504\/revisions"}],"predecessor-version":[{"id":515,"href":"https:\/\/simoffice.pt\/index.php\/wp-json\/wp\/v2\/pages\/504\/revisions\/515"}],"wp:attachment":[{"href":"https:\/\/simoffice.pt\/index.php\/wp-json\/wp\/v2\/media?parent=504"}],"curies":[{"name":"wp","href":"https:\/\/api.w.org\/{rel}","templated":true}]}}